{"id":849,"date":"2026-03-12T07:35:22","date_gmt":"2026-03-12T07:35:22","guid":{"rendered":"https:\/\/teneahome.es\/?page_id=849"},"modified":"2026-03-25T16:33:54","modified_gmt":"2026-03-25T16:33:54","slug":"galeria","status":"publish","type":"page","link":"https:\/\/teneahome.es\/en\/galeria\/","title":{"rendered":"Gallery"},"content":{"rendered":"<div data-elementor-type=\"wp-page\" data-elementor-id=\"849\" class=\"elementor elementor-849\" data-elementor-post-type=\"page\">\n\t\t\t\t<div class=\"elementor-element elementor-element-57799e31 e-flex e-con-boxed e-con e-parent\" data-id=\"57799e31\" data-element_type=\"container\" data-e-type=\"container\" data-settings=\"{&quot;background_background&quot;:&quot;classic&quot;}\">\n\t\t\t\t\t<div class=\"e-con-inner\">\n\t\t\t\t<div class=\"elementor-element elementor-element-1f7ca1d1 elementor-widget__width-initial elementor-widget elementor-widget-elementskit-heading\" data-id=\"1f7ca1d1\" data-element_type=\"widget\" data-e-type=\"widget\" data-widget_type=\"elementskit-heading.default\">\n\t\t\t\t\t<div class=\"ekit-wid-con\" ><div class=\"ekit-heading elementskit-section-title-wraper text_center   ekit_heading_tablet-   ekit_heading_mobile-\"><h1 class=\"ekit-heading--title elementskit-section-title\">Gallery<\/h1><\/div><\/div>\t\t\t\t<\/div>\n\t\t\t\t\t<\/div>\n\t\t\t\t<\/div>\n\t\t\t\t<section class=\"elementor-section elementor-top-section elementor-element elementor-element-5f0f4df1 elementor-section-boxed elementor-section-height-default elementor-section-height-default\" data-id=\"5f0f4df1\" data-element_type=\"section\" data-e-type=\"section\">\n\t\t\t\t\t\t<div class=\"elementor-container elementor-column-gap-default\">\n\t\t\t\t\t<div class=\"elementor-column elementor-col-100 elementor-top-column elementor-element elementor-element-21e49057\" data-id=\"21e49057\" data-element_type=\"column\" data-e-type=\"column\">\n\t\t\t<div class=\"elementor-widget-wrap elementor-element-populated\">\n\t\t\t\t\t\t<div class=\"elementor-element elementor-element-30e61fdc elementor-gallery--filter-align-center elementor-widget elementor-widget-gallery\" data-id=\"30e61fdc\" data-element_type=\"widget\" data-e-type=\"widget\" data-settings=\"{&quot;gallery_layout&quot;:&quot;masonry&quot;,&quot;columns&quot;:3,&quot;gap&quot;:{&quot;unit&quot;:&quot;px&quot;,&quot;size&quot;:20,&quot;sizes&quot;:[]},&quot;image_hover_animation&quot;:&quot;grow&quot;,&quot;lazyload&quot;:&quot;yes&quot;,&quot;columns_tablet&quot;:2,&quot;columns_mobile&quot;:1,&quot;gap_tablet&quot;:{&quot;unit&quot;:&quot;px&quot;,&quot;size&quot;:10,&quot;sizes&quot;:[]},&quot;gap_mobile&quot;:{&quot;unit&quot;:&quot;px&quot;,&quot;size&quot;:10,&quot;sizes&quot;:[]},&quot;link_to&quot;:&quot;file&quot;,&quot;show_all_galleries&quot;:&quot;yes&quot;,&quot;overlay_background&quot;:&quot;yes&quot;,&quot;content_hover_animation&quot;:&quot;fade-in&quot;}\" data-widget_type=\"gallery.default\">\n\t\t\t\t\t\t\t\t<div class=\"elementor-gallery__titles-container e--pointer-underline e--animation-fade\" aria-label=\"Gallery filter\">\n\t\t\t\t\t\t\t\t\t<a class=\"elementor-item elementor-gallery-title\" role=\"button\" tabindex=\"0\" data-gallery-index=\"all\">\n\t\t\t\t\t\tAll\t\t\t\t\t<\/a>\n\t\t\t\t\n\t\t\t\t\t\t\t\t\t<a class=\"elementor-item elementor-gallery-title\" role=\"button\" tabindex=\"0\" data-gallery-index=\"0\">\n\t\t\t\t\t\tEscuelas P\u00edas\t\t\t\t\t<\/a>\n\t\t\t\t\t\t\t\t\t\t<a class=\"elementor-item elementor-gallery-title\" role=\"button\" tabindex=\"0\" data-gallery-index=\"1\">\n\t\t\t\t\t\tSan Antonio\t\t\t\t\t<\/a>\n\t\t\t\t\t\t\t\t<\/div>\n\t\t\t\t\t<div class=\"elementor-gallery__container\">\n\t\t\t\t\t\t\t<a class=\"e-gallery-item elementor-gallery-item elementor-animated-content\" data-e-gallery-tags=\"0\" href=\"https:\/\/teneahome.es\/wp-content\/uploads\/2026\/03\/IMG17.jpg\" data-elementor-open-lightbox=\"yes\" data-elementor-lightbox-slideshow=\"30e61fdc\" data-e-action-hash=\"#elementor-action%3Aaction%3Dlightbox%26settings%3DeyJpZCI6MTM1MywidXJsIjoiaHR0cHM6XC9cL3RlbmVhaG9tZS5lc1wvd3AtY29udGVudFwvdXBsb2Fkc1wvMjAyNlwvMDNcL0lNRzE3LmpwZyIsInNsaWRlc2hvdyI6IjMwZTYxZmRjIn0%3D\">\n\t\t\t\t\t<div class=\"e-gallery-image elementor-gallery-item__image\" data-thumbnail=\"https:\/\/teneahome.es\/wp-content\/uploads\/2026\/03\/IMG17.jpg\" data-width=\"273\" data-height=\"305\" aria-label=\"\" role=\"img\" ><\/div>\n\t\t\t\t\t\t\t\t\t\t\t<div class=\"elementor-gallery-item__overlay\"><\/div>\n\t\t\t\t\t\t\t\t\t\t\t\t\t\t<\/a>\n\t\t\t\t\t\t\t<a class=\"e-gallery-item elementor-gallery-item elementor-animated-content\" data-e-gallery-tags=\"0\" href=\"https:\/\/teneahome.es\/wp-content\/uploads\/2026\/03\/IMG13.jpg\" data-elementor-open-lightbox=\"yes\" data-elementor-lightbox-slideshow=\"30e61fdc\" data-e-action-hash=\"#elementor-action%3Aaction%3Dlightbox%26settings%3DeyJpZCI6MTM1MSwidXJsIjoiaHR0cHM6XC9cL3RlbmVhaG9tZS5lc1wvd3AtY29udGVudFwvdXBsb2Fkc1wvMjAyNlwvMDNcL0lNRzEzLmpwZyIsInNsaWRlc2hvdyI6IjMwZTYxZmRjIn0%3D\">\n\t\t\t\t\t<div class=\"e-gallery-image elementor-gallery-item__image\" data-thumbnail=\"https:\/\/teneahome.es\/wp-content\/uploads\/2026\/03\/IMG13.jpg\" data-width=\"273\" data-height=\"305\" aria-label=\"\" role=\"img\" ><\/div>\n\t\t\t\t\t\t\t\t\t\t\t<div class=\"elementor-gallery-item__overlay\"><\/div>\n\t\t\t\t\t\t\t\t\t\t\t\t\t\t<\/a>\n\t\t\t\t\t\t\t<a class=\"e-gallery-item elementor-gallery-item elementor-animated-content\" data-e-gallery-tags=\"0\" href=\"https:\/\/teneahome.es\/wp-content\/uploads\/2026\/03\/IMG18.jpg\" data-elementor-open-lightbox=\"yes\" data-elementor-lightbox-slideshow=\"30e61fdc\" data-e-action-hash=\"#elementor-action%3Aaction%3Dlightbox%26settings%3DeyJpZCI6MTM1NCwidXJsIjoiaHR0cHM6XC9cL3RlbmVhaG9tZS5lc1wvd3AtY29udGVudFwvdXBsb2Fkc1wvMjAyNlwvMDNcL0lNRzE4LmpwZyIsInNsaWRlc2hvdyI6IjMwZTYxZmRjIn0%3D\">\n\t\t\t\t\t<div class=\"e-gallery-image elementor-gallery-item__image\" data-thumbnail=\"https:\/\/teneahome.es\/wp-content\/uploads\/2026\/03\/IMG18.jpg\" data-width=\"273\" data-height=\"305\" aria-label=\"\" role=\"img\" ><\/div>\n\t\t\t\t\t\t\t\t\t\t\t<div class=\"elementor-gallery-item__overlay\"><\/div>\n\t\t\t\t\t\t\t\t\t\t\t\t\t\t<\/a>\n\t\t\t\t\t\t\t<a class=\"e-gallery-item elementor-gallery-item elementor-animated-content\" data-e-gallery-tags=\"1\" href=\"https:\/\/teneahome.es\/wp-content\/uploads\/2026\/03\/3d-rendering-luxury-bedroom-suite-in-resort-high-r-2023-11-27-05-10-52-utc.jpg\" data-elementor-open-lightbox=\"yes\" data-elementor-lightbox-slideshow=\"30e61fdc\" data-e-action-hash=\"#elementor-action%3Aaction%3Dlightbox%26settings%3DeyJpZCI6MTM2OCwidXJsIjoiaHR0cHM6XC9cL3RlbmVhaG9tZS5lc1wvd3AtY29udGVudFwvdXBsb2Fkc1wvMjAyNlwvMDNcLzNkLXJlbmRlcmluZy1sdXh1cnktYmVkcm9vbS1zdWl0ZS1pbi1yZXNvcnQtaGlnaC1yLTIwMjMtMTEtMjctMDUtMTAtNTItdXRjLmpwZyIsInNsaWRlc2hvdyI6IjMwZTYxZmRjIn0%3D\">\n\t\t\t\t\t<div class=\"e-gallery-image elementor-gallery-item__image\" data-thumbnail=\"https:\/\/teneahome.es\/wp-content\/uploads\/2026\/03\/3d-rendering-luxury-bedroom-suite-in-resort-high-r-2023-11-27-05-10-52-utc.jpg\" data-width=\"763\" data-height=\"500\" aria-label=\"\" role=\"img\" ><\/div>\n\t\t\t\t\t\t\t\t\t\t\t<div class=\"elementor-gallery-item__overlay\"><\/div>\n\t\t\t\t\t\t\t\t\t\t\t\t\t\t<\/a>\n\t\t\t\t\t\t\t<a class=\"e-gallery-item elementor-gallery-item elementor-animated-content\" data-e-gallery-tags=\"1\" href=\"https:\/\/teneahome.es\/wp-content\/uploads\/2026\/03\/IMG13.jpg\" data-elementor-open-lightbox=\"yes\" data-elementor-lightbox-slideshow=\"30e61fdc\" data-e-action-hash=\"#elementor-action%3Aaction%3Dlightbox%26settings%3DeyJpZCI6MTI2NCwidXJsIjoiaHR0cHM6XC9cL3RlbmVhaG9tZS5lc1wvd3AtY29udGVudFwvdXBsb2Fkc1wvMjAyNlwvMDNcL0lNRzEzLmpwZyIsInNsaWRlc2hvdyI6IjMwZTYxZmRjIn0%3D\">\n\t\t\t\t\t<div class=\"e-gallery-image elementor-gallery-item__image\" data-thumbnail=\"https:\/\/teneahome.es\/wp-content\/uploads\/2026\/03\/IMG13.jpg\" data-width=\"273\" data-height=\"305\" aria-label=\"\" role=\"img\" ><\/div>\n\t\t\t\t\t\t\t\t\t\t\t<div class=\"elementor-gallery-item__overlay\"><\/div>\n\t\t\t\t\t\t\t\t\t\t\t\t\t\t<\/a>\n\t\t\t\t\t\t\t<a class=\"e-gallery-item elementor-gallery-item elementor-animated-content\" data-e-gallery-tags=\"1\" href=\"https:\/\/teneahome.es\/wp-content\/uploads\/2026\/03\/IMG11.jpg\" data-elementor-open-lightbox=\"yes\" data-elementor-lightbox-slideshow=\"30e61fdc\" data-e-action-hash=\"#elementor-action%3Aaction%3Dlightbox%26settings%3DeyJpZCI6MTQyOCwidXJsIjoiaHR0cHM6XC9cL3RlbmVhaG9tZS5lc1wvd3AtY29udGVudFwvdXBsb2Fkc1wvMjAyNlwvMDNcL0lNRzExLmpwZyIsInNsaWRlc2hvdyI6IjMwZTYxZmRjIn0%3D\">\n\t\t\t\t\t<div class=\"e-gallery-image elementor-gallery-item__image\" data-thumbnail=\"https:\/\/teneahome.es\/wp-content\/uploads\/2026\/03\/IMG11.jpg\" data-width=\"486\" data-height=\"540\" aria-label=\"\" role=\"img\" ><\/div>\n\t\t\t\t\t\t\t\t\t\t\t<div class=\"elementor-gallery-item__overlay\"><\/div>\n\t\t\t\t\t\t\t\t\t\t\t\t\t\t<\/a>\n\t\t\t\t\t\t\t<a class=\"e-gallery-item elementor-gallery-item elementor-animated-content\" data-e-gallery-tags=\"1\" href=\"https:\/\/teneahome.es\/wp-content\/uploads\/2026\/03\/3d-rendering-red-luxury-bedroom-suite-in-resort-hi-2023-11-27-05-23-13-utc.jpg\" data-elementor-open-lightbox=\"yes\" data-elementor-lightbox-slideshow=\"30e61fdc\" data-e-action-hash=\"#elementor-action%3Aaction%3Dlightbox%26settings%3DeyJpZCI6MTM3MCwidXJsIjoiaHR0cHM6XC9cL3RlbmVhaG9tZS5lc1wvd3AtY29udGVudFwvdXBsb2Fkc1wvMjAyNlwvMDNcLzNkLXJlbmRlcmluZy1yZWQtbHV4dXJ5LWJlZHJvb20tc3VpdGUtaW4tcmVzb3J0LWhpLTIwMjMtMTEtMjctMDUtMjMtMTMtdXRjLmpwZyIsInNsaWRlc2hvdyI6IjMwZTYxZmRjIn0%3D\">\n\t\t\t\t\t<div class=\"e-gallery-image elementor-gallery-item__image\" data-thumbnail=\"https:\/\/teneahome.es\/wp-content\/uploads\/2026\/03\/3d-rendering-red-luxury-bedroom-suite-in-resort-hi-2023-11-27-05-23-13-utc.jpg\" data-width=\"763\" data-height=\"500\" aria-label=\"\" role=\"img\" ><\/div>\n\t\t\t\t\t\t\t\t\t\t\t<div class=\"elementor-gallery-item__overlay\"><\/div>\n\t\t\t\t\t\t\t\t\t\t\t\t\t\t<\/a>\n\t\t\t\t\t\t\t<a class=\"e-gallery-item elementor-gallery-item elementor-animated-content\" data-e-gallery-tags=\"0\" href=\"https:\/\/teneahome.es\/wp-content\/uploads\/2026\/03\/IMG5.jpg\" data-elementor-open-lightbox=\"yes\" data-elementor-lightbox-slideshow=\"30e61fdc\" data-e-action-hash=\"#elementor-action%3Aaction%3Dlightbox%26settings%3DeyJpZCI6MTMzNywidXJsIjoiaHR0cHM6XC9cL3RlbmVhaG9tZS5lc1wvd3AtY29udGVudFwvdXBsb2Fkc1wvMjAyNlwvMDNcL0lNRzUuanBnIiwic2xpZGVzaG93IjoiMzBlNjFmZGMifQ%3D%3D\">\n\t\t\t\t\t<div class=\"e-gallery-image elementor-gallery-item__image\" data-thumbnail=\"https:\/\/teneahome.es\/wp-content\/uploads\/2026\/03\/IMG5.jpg\" data-width=\"480\" data-height=\"567\" aria-label=\"\" role=\"img\" ><\/div>\n\t\t\t\t\t\t\t\t\t\t\t<div class=\"elementor-gallery-item__overlay\"><\/div>\n\t\t\t\t\t\t\t\t\t\t\t\t\t\t<\/a>\n\t\t\t\t\t\t\t<a class=\"e-gallery-item elementor-gallery-item elementor-animated-content\" data-e-gallery-tags=\"1\" href=\"https:\/\/teneahome.es\/wp-content\/uploads\/2026\/03\/IMG19.jpg\" data-elementor-open-lightbox=\"yes\" data-elementor-lightbox-slideshow=\"30e61fdc\" data-e-action-hash=\"#elementor-action%3Aaction%3Dlightbox%26settings%3DeyJpZCI6MTI3NiwidXJsIjoiaHR0cHM6XC9cL3RlbmVhaG9tZS5lc1wvd3AtY29udGVudFwvdXBsb2Fkc1wvMjAyNlwvMDNcL0lNRzE5LmpwZyIsInNsaWRlc2hvdyI6IjMwZTYxZmRjIn0%3D\">\n\t\t\t\t\t<div class=\"e-gallery-image elementor-gallery-item__image\" data-thumbnail=\"https:\/\/teneahome.es\/wp-content\/uploads\/2026\/03\/IMG19.jpg\" data-width=\"272\" data-height=\"305\" aria-label=\"\" role=\"img\" ><\/div>\n\t\t\t\t\t\t\t\t\t\t\t<div class=\"elementor-gallery-item__overlay\"><\/div>\n\t\t\t\t\t\t\t\t\t\t\t\t\t\t<\/a>\n\t\t\t\t\t\t\t<a class=\"e-gallery-item elementor-gallery-item elementor-animated-content\" data-e-gallery-tags=\"0\" href=\"https:\/\/teneahome.es\/wp-content\/uploads\/2026\/03\/IMG14.jpg\" data-elementor-open-lightbox=\"yes\" data-elementor-lightbox-slideshow=\"30e61fdc\" data-e-action-hash=\"#elementor-action%3Aaction%3Dlightbox%26settings%3DeyJpZCI6MTM1MiwidXJsIjoiaHR0cHM6XC9cL3RlbmVhaG9tZS5lc1wvd3AtY29udGVudFwvdXBsb2Fkc1wvMjAyNlwvMDNcL0lNRzE0LmpwZyIsInNsaWRlc2hvdyI6IjMwZTYxZmRjIn0%3D\">\n\t\t\t\t\t<div class=\"e-gallery-image elementor-gallery-item__image\" data-thumbnail=\"https:\/\/teneahome.es\/wp-content\/uploads\/2026\/03\/IMG14.jpg\" data-width=\"273\" data-height=\"305\" aria-label=\"\" role=\"img\" ><\/div>\n\t\t\t\t\t\t\t\t\t\t\t<div class=\"elementor-gallery-item__overlay\"><\/div>\n\t\t\t\t\t\t\t\t\t\t\t\t\t\t<\/a>\n\t\t\t\t\t\t\t<a class=\"e-gallery-item elementor-gallery-item elementor-animated-content\" data-e-gallery-tags=\"1\" href=\"https:\/\/teneahome.es\/wp-content\/uploads\/2026\/03\/man-looking-phone-screen-with-wifi-symbol-scaled.jpg\" data-elementor-open-lightbox=\"yes\" data-elementor-lightbox-slideshow=\"30e61fdc\" data-e-action-hash=\"#elementor-action%3Aaction%3Dlightbox%26settings%3DeyJpZCI6MTQ2MCwidXJsIjoiaHR0cHM6XC9cL3RlbmVhaG9tZS5lc1wvd3AtY29udGVudFwvdXBsb2Fkc1wvMjAyNlwvMDNcL21hbi1sb29raW5nLXBob25lLXNjcmVlbi13aXRoLXdpZmktc3ltYm9sLXNjYWxlZC5qcGciLCJzbGlkZXNob3ciOiIzMGU2MWZkYyJ9\">\n\t\t\t\t\t<div class=\"e-gallery-image elementor-gallery-item__image\" data-thumbnail=\"https:\/\/teneahome.es\/wp-content\/uploads\/2026\/03\/man-looking-phone-screen-with-wifi-symbol-scaled.jpg\" data-width=\"1920\" data-height=\"2560\" aria-label=\"\" role=\"img\" ><\/div>\n\t\t\t\t\t\t\t\t\t\t\t<div class=\"elementor-gallery-item__overlay\"><\/div>\n\t\t\t\t\t\t\t\t\t\t\t\t\t\t<\/a>\n\t\t\t\t\t<\/div>\n\t\t\t\t\t<\/div>\n\t\t\t\t\t<\/div>\n\t\t<\/div>\n\t\t\t\t\t<\/div>\n\t\t<\/section>\n\t\t<div class=\"elementor-element elementor-element-37fcb86 e-flex e-con-boxed e-con e-parent\" data-id=\"37fcb86\" data-element_type=\"container\" data-e-type=\"container\">\n\t\t\t\t\t<div class=\"e-con-inner\">\n\t\t\t\t<div class=\"elementor-element elementor-element-cc00a3d elementor-widget elementor-widget-html\" data-id=\"cc00a3d\" data-element_type=\"widget\" data-e-type=\"widget\" data-widget_type=\"html.default\">\n\t\t\t\t\t<script>\r\ndocument.addEventListener('DOMContentLoaded', () => {\r\n    const val = new URLSearchParams(window.location.search).get('apartamento');\r\n    \r\n    if (val) {\r\n        setTimeout(() => {\r\n            document.querySelectorAll('.elementor-gallery-title, .elementor-item').forEach(btn => {\r\n                const txt = btn.textContent.toLowerCase();\r\n                \/\/ Si el bot\u00f3n contiene \"escuelas\" o \"antonio\" seg\u00fan la URL, hace clic\r\n                if ((val === 'escuelas' && txt.includes('escuelas')) || \r\n                    (val === 'san-antonio' && txt.includes('antonio'))) {\r\n                    btn.click();\r\n                }\r\n            });\r\n        }, 300); \r\n    }\r\n});\r\n<\/script>\t\t\t\t<\/div>\n\t\t\t\t\t<\/div>\n\t\t\t\t<\/div>\n\t\t\t\t<\/div>","protected":false},"excerpt":{"rendered":"<p>Galeria Todas Escuelas P\u00edas San Antonio<\/p>","protected":false},"author":1,"featured_media":0,"parent":0,"menu_order":0,"comment_status":"closed","ping_status":"closed","template":"","meta":{"_acf_changed":false,"footnotes":""},"class_list":["post-849","page","type-page","status-publish","hentry"],"acf":[],"yoast_head":"<!-- This site is optimized with the Yoast SEO plugin v27.3 - https:\/\/yoast.com\/product\/yoast-seo-wordpress\/ -->\n<title>Galer\u00eda - Tenea Home<\/title>\n<meta name=\"description\" content=\"Descubre el interior de Teneahome. Explora nuestra galer\u00eda de fotos y d\u00e9jate cautivar por el dise\u00f1o, la amplitud y los detalles de nuestros nuevos apartamentos\" \/>\n<meta name=\"robots\" content=\"noindex, follow, max-snippet:-1, max-image-preview:large, max-video-preview:-1\" \/>\n<meta property=\"og:locale\" content=\"en_GB\" \/>\n<meta property=\"og:type\" content=\"article\" \/>\n<meta property=\"og:title\" content=\"Galer\u00eda - Tenea Home\" \/>\n<meta property=\"og:description\" content=\"Descubre el interior de Teneahome. Explora nuestra galer\u00eda de fotos y d\u00e9jate cautivar por el dise\u00f1o, la amplitud y los detalles de nuestros nuevos apartamentos\" \/>\n<meta property=\"og:url\" content=\"https:\/\/teneahome.es\/en\/galeria\/\" \/>\n<meta property=\"og:site_name\" content=\"Tenea Home\" \/>\n<meta property=\"article:modified_time\" content=\"2026-03-25T16:33:54+00:00\" \/>\n<meta name=\"twitter:card\" content=\"summary_large_image\" \/>\n<meta name=\"twitter:label1\" content=\"Estimated reading time\" \/>\n\t<meta name=\"twitter:data1\" content=\"1 minute\" \/>\n<script type=\"application\/ld+json\" class=\"yoast-schema-graph\">{\"@context\":\"https:\\\/\\\/schema.org\",\"@graph\":[{\"@type\":\"WebPage\",\"@id\":\"https:\\\/\\\/teneahome.es\\\/galeria\\\/\",\"url\":\"https:\\\/\\\/teneahome.es\\\/galeria\\\/\",\"name\":\"Galer\u00eda - Tenea Home\",\"isPartOf\":{\"@id\":\"https:\\\/\\\/teneahome.es\\\/#website\"},\"datePublished\":\"2026-03-12T07:35:22+00:00\",\"dateModified\":\"2026-03-25T16:33:54+00:00\",\"description\":\"Descubre el interior de Teneahome. Explora nuestra galer\u00eda de fotos y d\u00e9jate cautivar por el dise\u00f1o, la amplitud y los detalles de nuestros nuevos apartamentos\",\"breadcrumb\":{\"@id\":\"https:\\\/\\\/teneahome.es\\\/galeria\\\/#breadcrumb\"},\"inLanguage\":\"en-GB\",\"potentialAction\":[{\"@type\":\"ReadAction\",\"target\":[\"https:\\\/\\\/teneahome.es\\\/galeria\\\/\"]}]},{\"@type\":\"BreadcrumbList\",\"@id\":\"https:\\\/\\\/teneahome.es\\\/galeria\\\/#breadcrumb\",\"itemListElement\":[{\"@type\":\"ListItem\",\"position\":1,\"name\":\"Portada\",\"item\":\"https:\\\/\\\/teneahome.es\\\/\"},{\"@type\":\"ListItem\",\"position\":2,\"name\":\"Galer\u00eda\"}]},{\"@type\":\"WebSite\",\"@id\":\"https:\\\/\\\/teneahome.es\\\/#website\",\"url\":\"https:\\\/\\\/teneahome.es\\\/\",\"name\":\"Tenea Home\",\"description\":\"Alquiler Tur\u00edstico\",\"publisher\":{\"@id\":\"https:\\\/\\\/teneahome.es\\\/#organization\"},\"potentialAction\":[{\"@type\":\"SearchAction\",\"target\":{\"@type\":\"EntryPoint\",\"urlTemplate\":\"https:\\\/\\\/teneahome.es\\\/?s={search_term_string}\"},\"query-input\":{\"@type\":\"PropertyValueSpecification\",\"valueRequired\":true,\"valueName\":\"search_term_string\"}}],\"inLanguage\":\"en-GB\"},{\"@type\":\"Organization\",\"@id\":\"https:\\\/\\\/teneahome.es\\\/#organization\",\"name\":\"Tenea Home\",\"url\":\"https:\\\/\\\/teneahome.es\\\/\",\"logo\":{\"@type\":\"ImageObject\",\"inLanguage\":\"en-GB\",\"@id\":\"https:\\\/\\\/teneahome.es\\\/#\\\/schema\\\/logo\\\/image\\\/\",\"url\":\"https:\\\/\\\/teneahome.es\\\/wp-content\\\/uploads\\\/2026\\\/03\\\/logo-teneahome-cropped.svg\",\"contentUrl\":\"https:\\\/\\\/teneahome.es\\\/wp-content\\\/uploads\\\/2026\\\/03\\\/logo-teneahome-cropped.svg\",\"width\":364,\"height\":292,\"caption\":\"Tenea Home\"},\"image\":{\"@id\":\"https:\\\/\\\/teneahome.es\\\/#\\\/schema\\\/logo\\\/image\\\/\"}}]}<\/script>\n<!-- \/ Yoast SEO plugin. -->","yoast_head_json":{"title":"Galer\u00eda - Tenea Home","description":"Descubre el interior de Teneahome. Explora nuestra galer\u00eda de fotos y d\u00e9jate cautivar por el dise\u00f1o, la amplitud y los detalles de nuestros nuevos apartamentos","robots":{"index":"noindex","follow":"follow","max-snippet":"max-snippet:-1","max-image-preview":"max-image-preview:large","max-video-preview":"max-video-preview:-1"},"og_locale":"en_GB","og_type":"article","og_title":"Galer\u00eda - Tenea Home","og_description":"Descubre el interior de Teneahome. Explora nuestra galer\u00eda de fotos y d\u00e9jate cautivar por el dise\u00f1o, la amplitud y los detalles de nuestros nuevos apartamentos","og_url":"https:\/\/teneahome.es\/en\/galeria\/","og_site_name":"Tenea Home","article_modified_time":"2026-03-25T16:33:54+00:00","twitter_card":"summary_large_image","twitter_misc":{"Estimated reading time":"1 minute"},"schema":{"@context":"https:\/\/schema.org","@graph":[{"@type":"WebPage","@id":"https:\/\/teneahome.es\/galeria\/","url":"https:\/\/teneahome.es\/galeria\/","name":"Galer\u00eda - Tenea Home","isPartOf":{"@id":"https:\/\/teneahome.es\/#website"},"datePublished":"2026-03-12T07:35:22+00:00","dateModified":"2026-03-25T16:33:54+00:00","description":"Descubre el interior de Teneahome. Explora nuestra galer\u00eda de fotos y d\u00e9jate cautivar por el dise\u00f1o, la amplitud y los detalles de nuestros nuevos apartamentos","breadcrumb":{"@id":"https:\/\/teneahome.es\/galeria\/#breadcrumb"},"inLanguage":"en-GB","potentialAction":[{"@type":"ReadAction","target":["https:\/\/teneahome.es\/galeria\/"]}]},{"@type":"BreadcrumbList","@id":"https:\/\/teneahome.es\/galeria\/#breadcrumb","itemListElement":[{"@type":"ListItem","position":1,"name":"Portada","item":"https:\/\/teneahome.es\/"},{"@type":"ListItem","position":2,"name":"Galer\u00eda"}]},{"@type":"WebSite","@id":"https:\/\/teneahome.es\/#website","url":"https:\/\/teneahome.es\/","name":"Tenea Home","description":"Alquiler Tur\u00edstico","publisher":{"@id":"https:\/\/teneahome.es\/#organization"},"potentialAction":[{"@type":"SearchAction","target":{"@type":"EntryPoint","urlTemplate":"https:\/\/teneahome.es\/?s={search_term_string}"},"query-input":{"@type":"PropertyValueSpecification","valueRequired":true,"valueName":"search_term_string"}}],"inLanguage":"en-GB"},{"@type":"Organization","@id":"https:\/\/teneahome.es\/#organization","name":"Tenea Home","url":"https:\/\/teneahome.es\/","logo":{"@type":"ImageObject","inLanguage":"en-GB","@id":"https:\/\/teneahome.es\/#\/schema\/logo\/image\/","url":"https:\/\/teneahome.es\/wp-content\/uploads\/2026\/03\/logo-teneahome-cropped.svg","contentUrl":"https:\/\/teneahome.es\/wp-content\/uploads\/2026\/03\/logo-teneahome-cropped.svg","width":364,"height":292,"caption":"Tenea Home"},"image":{"@id":"https:\/\/teneahome.es\/#\/schema\/logo\/image\/"}}]}},"_links":{"self":[{"href":"https:\/\/teneahome.es\/en\/wp-json\/wp\/v2\/pages\/849","targetHints":{"allow":["GET"]}}],"collection":[{"href":"https:\/\/teneahome.es\/en\/wp-json\/wp\/v2\/pages"}],"about":[{"href":"https:\/\/teneahome.es\/en\/wp-json\/wp\/v2\/types\/page"}],"author":[{"embeddable":true,"href":"https:\/\/teneahome.es\/en\/wp-json\/wp\/v2\/users\/1"}],"replies":[{"embeddable":true,"href":"https:\/\/teneahome.es\/en\/wp-json\/wp\/v2\/comments?post=849"}],"version-history":[{"count":10,"href":"https:\/\/teneahome.es\/en\/wp-json\/wp\/v2\/pages\/849\/revisions"}],"predecessor-version":[{"id":1531,"href":"https:\/\/teneahome.es\/en\/wp-json\/wp\/v2\/pages\/849\/revisions\/1531"}],"wp:attachment":[{"href":"https:\/\/teneahome.es\/en\/wp-json\/wp\/v2\/media?parent=849"}],"curies":[{"name":"wp","href":"https:\/\/api.w.org\/{rel}","templated":true}]}}