{"id":604,"date":"2026-03-05T13:05:19","date_gmt":"2026-03-05T13:05:19","guid":{"rendered":"https:\/\/teneahome.es\/?page_id=604"},"modified":"2026-03-17T08:57:44","modified_gmt":"2026-03-17T08:57:44","slug":"condiciones-de-uso-web","status":"publish","type":"page","link":"https:\/\/teneahome.es\/en\/condiciones-de-uso-web\/","title":{"rendered":"Terms &amp; Conditions"},"content":{"rendered":"<div data-elementor-type=\"wp-page\" data-elementor-id=\"604\" class=\"elementor elementor-604\" data-elementor-post-type=\"page\">\n\t\t\t\t<div class=\"elementor-element elementor-element-7df35675 e-flex e-con-boxed e-con e-parent\" data-id=\"7df35675\" data-element_type=\"container\" data-e-type=\"container\" data-settings=\"{&quot;background_background&quot;:&quot;classic&quot;}\">\n\t\t\t\t\t<div class=\"e-con-inner\">\n\t\t\t\t<div class=\"elementor-element elementor-element-5e1e5558 elementor-widget__width-initial elementor-widget elementor-widget-elementskit-heading\" data-id=\"5e1e5558\" data-element_type=\"widget\" data-e-type=\"widget\" data-widget_type=\"elementskit-heading.default\">\n\t\t\t\t\t<div class=\"ekit-wid-con\" ><div class=\"ekit-heading elementskit-section-title-wraper text_center   ekit_heading_tablet-   ekit_heading_mobile-\"><h1 class=\"ekit-heading--title elementskit-section-title\">Terms &amp; Conditions<\/h1><\/div><\/div>\t\t\t\t<\/div>\n\t\t\t\t\t<\/div>\n\t\t\t\t<\/div>\n\t\t<div class=\"elementor-element elementor-element-b2aa252 e-flex e-con-boxed e-con e-parent\" data-id=\"b2aa252\" data-element_type=\"container\" data-e-type=\"container\">\n\t\t\t\t\t<div class=\"e-con-inner\">\n\t\t\t\t<div class=\"elementor-element elementor-element-17a4dfe elementor-widget elementor-widget-text-editor\" data-id=\"17a4dfe\" data-element_type=\"widget\" data-e-type=\"widget\" data-widget_type=\"text-editor.default\">\n\t\t\t\t\t\t\t\t\t<h3 data-path-to-node=\"2\">Acceso y utilizaci\u00f3<span class=\"citation-9890 citation-end-9890\">n<\/span><\/h3><p data-path-to-node=\"3\"><span class=\"citation-9889 citation-end-9889\">Mediante el acceso y uso de esta Web, el usuario consiente quedar vinculado por los textos incluidos. En consecuencia, si no estuviera de acuerdo con las mismas, le rogamos que no acceda y\/o no utilice la presente Web.<\/span><\/p><div class=\"source-inline-chip-container ng-star-inserted\">\u00a0<\/div><p data-path-to-node=\"4\"><span class=\"citation-9888 citation-end-9888\">El usuario se compromete a hacer un uso adecuado <\/span>y l\u00edcito de la Web de conformidad con la legislaci\u00f3n aplicable en cada momento, las presentes Condiciones de Uso, la moral y buenas costumbres generalmente aceptadas, y el orden p\u00fablico.<\/p><div class=\"source-inline-chip-container ng-star-inserted\">\u00a0<\/div><p data-path-to-node=\"5\">No se garantiza que el \u00absitio Web\u00bb cumpla con las legislaciones de otros pa\u00edses, ya sea total o parcialmente. Si el usuario reside o se encuentra domiciliado en cualquier otro lugar que no sea Espa\u00f1a, y decide acceder y\/o navegar en el presente \u00absitio Web\u00bb, lo har\u00e1 bajo su propia responsabilidad y riesgo. Su acceso y\/o navegaci\u00f3n cumple con la legislaci\u00f3n espa\u00f1ola aplicable.<\/p><h3 data-path-to-node=\"6\">Modificaciones<\/h3><p data-path-to-node=\"7\">Teneahome se reserva la facultad <span class=\"citation-9886 citation-9887 citation-end-9887\">de modificar el presente aviso legal unilateralmente, produciendo efectos desde el mismo momento de su publicaci\u00f3n.<\/span><\/p><div class=\"source-inline-chip-container ng-star-inserted\">\u00a0<\/div><p data-path-to-node=\"8\"><span class=\"citation-9884 citation-9885 citation-end-9885\">El presente \u00absitio Web\u00bb tiene car\u00e1cter indefinido en lo que a su visualizaci\u00f3n en Internet se refiere. No obstante, debido a que la informaci\u00f3n que se difunde a trav\u00e9s del mismo se hace \u00fanicamente a t\u00edtulo informativo<\/span><span class=\"citation-9884 citation-end-9884\">, \u00ab<\/span>Teneahome\u00bb se reserva el derecho a efectuar las modificaciones que considere oportunas sin previo aviso.<\/p><div class=\"source-inline-chip-container ng-star-inserted\">\u00a0<\/div><p data-path-to-node=\"9\">Esto incluye la posibilidad de cambiar, suprimir o a\u00f1adir tanto los contenidos y servicios que se presten a trav\u00e9s de la misma, como la forma en la que \u00e9stos aparezcan presentados o localizados en el \u00absitio Web\u00bb, pudiendo asimismo limitar el acceso o no permitirlo.<\/p><h3 data-path-to-node=\"10\">Notificaciones<\/h3><p data-path-to-node=\"11\">El usuario podr\u00e1 comunicarse con \u00abTeneahome\u00bb a trav\u00e9s del correo electr\u00f3nico protecciondedatos@teneahome.es y\/o a trav\u00e9s del n\u00famero de tel\u00e9fono (34) 968 751 173. Todas las notificaciones y comunicaciones realizadas por cualquier medio se considerar\u00e1n eficaces a todos los efectos desde su recepci\u00f3n.<\/p><p data-path-to-node=\"12\"><span class=\"citation-9883 citation-end-9883\">La normativa aplicable exige que parte de la informaci\u00f3n o comunicaciones que le enviemos sean por escrito. Mediante el uso de esta p\u00e1gina web, usted acepta que la mayor parte de dichas comunicaciones con nosotros sean electr\u00f3<\/span>nicas.<\/p><div class=\"source-inline-chip-container ng-star-inserted\">\u00a0<\/div><h3 data-path-to-node=\"13\">Calidad de la web<\/h3><p data-path-to-node=\"14\">Teneahome <span class=\"citation-9881 citation-9882\">pone todos sus medios para que el contenido e informaci\u00f3n suministrados mediante el presente \u00absitio Web\u00bb cumpla con los est\u00e1ndares de calidad, veracidad, exactitud, fiabilidad, <\/span><span class=\"citation-9879 citation-9880 citation-9881 citation-9882 citation-end-9882\">utilidad y actualidad. No obstante, no s<\/span><span class=\"citation-9879 citation-9880 citation-9881 citation-end-9881\">e garantiz<\/span><span class=\"citation-9879 citation-9880 citation-end-9880\">a el completo cumplimiento de dichos est\u00e1ndares en todo momento.<\/span><\/p><div class=\"source-inline-chip-container ng-star-inserted\">\u00a0<\/div><p data-path-to-node=\"15\"><span class=\"citation-9877 citation-9878\">Asimismo, el mero acceso a la informaci\u00f3n contenida en el presente \u00absitio Web\u00bb <\/span><span class=\"citation-9876 citation-9877 citation-9878 citation-end-9878\">no vincula de manera alguna al usuario, por lo que no le genera ning\u00fan compromiso vinculante <\/span><span class=\"citation-9876 citation-9877 citation-end-9877\">ni contractual. El acceso<\/span><span class=\"citation-9876 citation-end-9876\"> a dicha informaci\u00f3n solamente tiene car\u00e1cter informativo, consultivo y\/o publicit<\/span>ario.<\/p><div class=\"source-inline-chip-container ng-star-inserted\">\u00a0<\/div><h3 data-path-to-node=\"16\">Protecci\u00f3n de datos de car\u00e1cter personal<\/h3><p data-path-to-node=\"17\">La informaci\u00f3n o datos personales que nos facilite sobre usted ser\u00e1n tratados con arreglo a lo establecido en la Pol\u00edtica de Privacidad y conforme a la legislaci\u00f3n vigente, europea y espa\u00f1ola, sobre dicha materia.<\/p><p data-path-to-node=\"18\">Los datos de car\u00e1cter personal proporcionados por el usuario mediante el presente \u00absitio Web\u00bb formar\u00e1n parte del sistema de tratamiento de datos personales (ficheros y registros de actividad) titularidad de Teneahome, y ser\u00e1n tratados con la finalidad de facilitar, agilizar y cumplir los compromisos establecidos. Dicha informaci\u00f3n tendr\u00e1 car\u00e1cter confidencial y secreto, no pudiendo ser revelada a terceros ajenos sin causa legalmente justificada o consentimiento individual del usuario.<\/p><p data-path-to-node=\"19\">El usuario podr\u00e1 ejercer sus derechos de acceso, rectificaci\u00f3n, supresi\u00f3n, limitaci\u00f3n, oposici\u00f3n y portabilidad de sus datos personales, as\u00ed como ejercer la revocaci\u00f3n del consentimiento mediante un escrito a la direcci\u00f3n Carretera de Villena, Km. 1, con C\u00f3digo Postal 30510 de Yecla (Murcia) y\/o a trav\u00e9s de la direcci\u00f3n de correo electr\u00f3nico protecciondedatos@teneahome.es.<\/p><p data-path-to-node=\"20\">Mientras el usuario no comunique lo contrario, se entender\u00e1 que sus datos no han sido modificados y que el usuario se compromete a notificar cualquier variaci\u00f3n de los mismos. Para m\u00e1s informaci\u00f3n, puede consultar nuestra Pol\u00edtica de Privacidad o ponerse en contacto con nuestro delegado de protecci\u00f3n de datos a trav\u00e9s de alvaro@cifraslegal.com.<\/p><h3 data-path-to-node=\"21\">Propiedad intelectual e industrial<\/h3><p data-path-to-node=\"22\">Teneahome, por s\u00ed misma o como cesionaria, es titular de todos los derechos de propiedad intelectual e industrial de su Web, as\u00ed como de los elementos contenidos en la misma. Ser\u00e1n, por consiguiente, obras protegidas por la normativa aplicable en materia de propiedad intelectual, tanto espa\u00f1ola como comunitaria, as\u00ed como por los tratados internacionales relativos a la materia suscritos por Espa\u00f1<span class=\"citation-9875 citation-end-9875\">a.<\/span><\/p><div class=\"source-inline-chip-container ng-star-inserted\">\u00a0<\/div><p data-path-to-node=\"23\"><span class=\"citation-9874 citation-end-9874\">El titular del \u00absitio Web\u00bb autoriza al usuario a utilizar, visualizar, imprimir, descargar y almacenar los contenidos y\/o elementos insertados en el \u00absitio Web\u00bb exclusivamente para su uso personal, privado y\/o lucrativo, absten<\/span>i\u00e9ndose de realizar sobre los mismos cualquier modificaci\u00f3n, divulgaci\u00f3n o suministro.<\/p><div class=\"source-inline-chip-container ng-star-inserted\">\u00a0<\/div><p data-path-to-node=\"24\">El usuario podr\u00e1 hacer uso de dicho material \u00fanicamente en la forma en que Teneahome lo autorice por escrito o, en su caso, quienes otorgaron licencia para su uso. Lo anteriormente indicado no impedir\u00e1 el acceso y uso de la presente p\u00e1gina Web en la medida que sea necesario, respetando en todo momento los derechos de propiedad industrial e intelectual.<\/p><h3 data-path-to-node=\"25\">Enlaces o links<\/h3><p data-path-to-node=\"26\">En el \u00absitio Web\u00bb se podr\u00e1n incluir medios de enlace, como links, banners, botones, ventanas emergentes u otros similares, a sitios de terceros. La instalaci\u00f3n de estos enlaces tiene por objeto facilitar al usuario la b\u00fasqueda y acceso a informaci\u00f3n disponible en Internet.<\/p><p data-path-to-node=\"27\">Una vez el usuario acceda a los enlaces de terceros y abandone el \u00absitio Web\u00bb, tanto el presente Aviso legal como la Pol\u00edtica de Privacidad y la Pol\u00edtica de Cookies dejar\u00e1n de surtir efecto, dado que los sitios webs a los que accede el usuario est\u00e1n sujetos a sus propias pol\u00edticas de privacidad y de cookies.<\/p><p data-path-to-node=\"28\">Teneahome no asume <span class=\"citation-9873 citation-end-9873\">responsabilidad alguna por los contenidos de los enlaces de terceros establecidos en su \u00absitio Web\u00bb, ni por los da\u00f1os y perjuicios que pudieran producirse por el acceso, uso o ilicitud de los contenidos, comunicaciones, <\/span>opiniones, productos y servicios de sitios web no gestionados por el titular, declarando que en ning\u00fan caso proceder\u00e1 a examinar o ejercitar control sobre ellos.<\/p><div class=\"source-inline-chip-container ng-star-inserted\">\u00a0<\/div><h3 data-path-to-node=\"29\">Limitaci\u00f3n de responsabilidad<\/h3><p data-path-to-node=\"30\">Teneahome no se hace responsable de los da\u00f1os y perjuicios, de cualquier naturaleza, que pudieran ocasionarse, tales como errores u omisiones en los contenidos, falta de disponibilidad o accesibilidad al \u00absitio Web\u00bb, fallos inform\u00e1ticos, transmisi\u00f3n de virus o programas maliciosos, a pesar de haber adoptado y actualizado las medidas tecnol\u00f3gicas necesarias para evitarlo.<\/p><p data-path-to-node=\"31\">Asimismo, no es responsable de las decisiones que tome el usuario como consecuencia de la informaci\u00f3n facilitada en este \u00absitio Web\u00bb, ni de otros da\u00f1os causados por terceros mediante intromisiones no autorizadas. Debido a la naturaleza abierta de esta Web, no garantizamos la precisi\u00f3n y seguridad de la informaci\u00f3n transmitida u obtenida por este medio a no ser que se establezca expresamente lo contrario.<\/p><p data-path-to-node=\"32\">Teneahome no ser\u00e1 responsable de ning\u00fan da\u00f1o o p\u00e9rdida derivada de ataques de denegaci\u00f3n de servicio, virus o cualquier otro material tecnol\u00f3gicamente perjudicial que afecte a su equipo como consecuencia del uso de esta Web o la descarga de contenidos de la misma.<\/p><h3 data-path-to-node=\"33\">Acciones legales<\/h3><p data-path-to-node=\"34\">Teneahome se reserva la facultad de ejercitar las acciones civiles o penales que considere necesarias por la utilizaci\u00f3n indebida de este \u00absitio Web\u00bb y sus contenidos, o por el incumplimiento de las presentes estipulaciones.<\/p><h3 data-path-to-node=\"35\">Ley aplicable y Jurisdicci\u00f3n<\/h3><p data-path-to-node=\"36\">Las presentes condiciones, as\u00ed como la relaci\u00f3n entre el titular de la Web y el usuario, se regir\u00e1n e interpretar\u00e1n conforme a la normativa aplicable en cada momento. Para la resoluci\u00f3n de cualquier controversia, las partes podr\u00e1n someter sus conflictos a arbitraje o acudir a la jurisdicci\u00f3n ordinaria, cumpliendo con las normas sobre competencia al respecto.<\/p>\t\t\t\t\t\t\t\t<\/div>\n\t\t\t\t\t<\/div>\n\t\t\t\t<\/div>\n\t\t\t\t<\/div>","protected":false},"excerpt":{"rendered":"<p>Condiciones de uso web Acceso y utilizaci\u00f3n Mediante el acceso y uso de esta Web, el usuario consiente quedar vinculado por los textos incluidos. En consecuencia, si no estuviera de acuerdo con las mismas, le rogamos que no acceda y\/o no utilice la presente Web. \u00a0 El usuario se compromete a hacer un uso adecuado [&hellip;]<\/p>\n","protected":false},"author":1,"featured_media":0,"parent":0,"menu_order":0,"comment_status":"closed","ping_status":"closed","template":"","meta":{"_acf_changed":false,"footnotes":""},"class_list":["post-604","page","type-page","status-publish","hentry"],"acf":[],"yoast_head":"<!-- This site is optimized with the Yoast SEO plugin v27.3 - https:\/\/yoast.com\/product\/yoast-seo-wordpress\/ -->\n<title>Condiciones de uso web - Tenea Home<\/title>\n<meta name=\"description\" content=\"Consulta las condiciones generales de uso de Teneahome. Informaci\u00f3n sobre reservas, cancelaciones, normas de estancia y responsabilidades.\" \/>\n<meta name=\"robots\" content=\"noindex, follow, max-snippet:-1, max-image-preview:large, max-video-preview:-1\" \/>\n<meta property=\"og:locale\" content=\"en_GB\" \/>\n<meta property=\"og:type\" content=\"article\" \/>\n<meta property=\"og:title\" content=\"Condiciones de uso web - Tenea Home\" \/>\n<meta property=\"og:description\" content=\"Consulta las condiciones generales de uso de Teneahome. Informaci\u00f3n sobre reservas, cancelaciones, normas de estancia y responsabilidades.\" \/>\n<meta property=\"og:url\" content=\"https:\/\/teneahome.es\/en\/condiciones-de-uso-web\/\" \/>\n<meta property=\"og:site_name\" content=\"Tenea Home\" \/>\n<meta property=\"article:modified_time\" content=\"2026-03-17T08:57:44+00:00\" \/>\n<meta name=\"twitter:card\" content=\"summary_large_image\" \/>\n<meta name=\"twitter:label1\" content=\"Estimated reading time\" \/>\n\t<meta name=\"twitter:data1\" content=\"6 minutes\" \/>\n<script type=\"application\/ld+json\" class=\"yoast-schema-graph\">{\"@context\":\"https:\\\/\\\/schema.org\",\"@graph\":[{\"@type\":\"WebPage\",\"@id\":\"https:\\\/\\\/teneahome.es\\\/condiciones-de-uso-web\\\/\",\"url\":\"https:\\\/\\\/teneahome.es\\\/condiciones-de-uso-web\\\/\",\"name\":\"Condiciones de uso web - Tenea Home\",\"isPartOf\":{\"@id\":\"https:\\\/\\\/teneahome.es\\\/#website\"},\"datePublished\":\"2026-03-05T13:05:19+00:00\",\"dateModified\":\"2026-03-17T08:57:44+00:00\",\"description\":\"Consulta las condiciones generales de uso de Teneahome. Informaci\u00f3n sobre reservas, cancelaciones, normas de estancia y responsabilidades.\",\"breadcrumb\":{\"@id\":\"https:\\\/\\\/teneahome.es\\\/condiciones-de-uso-web\\\/#breadcrumb\"},\"inLanguage\":\"en-GB\",\"potentialAction\":[{\"@type\":\"ReadAction\",\"target\":[\"https:\\\/\\\/teneahome.es\\\/condiciones-de-uso-web\\\/\"]}]},{\"@type\":\"BreadcrumbList\",\"@id\":\"https:\\\/\\\/teneahome.es\\\/condiciones-de-uso-web\\\/#breadcrumb\",\"itemListElement\":[{\"@type\":\"ListItem\",\"position\":1,\"name\":\"Portada\",\"item\":\"https:\\\/\\\/teneahome.es\\\/\"},{\"@type\":\"ListItem\",\"position\":2,\"name\":\"Condiciones de uso web\"}]},{\"@type\":\"WebSite\",\"@id\":\"https:\\\/\\\/teneahome.es\\\/#website\",\"url\":\"https:\\\/\\\/teneahome.es\\\/\",\"name\":\"Tenea Home\",\"description\":\"Alquiler Tur\u00edstico\",\"publisher\":{\"@id\":\"https:\\\/\\\/teneahome.es\\\/#organization\"},\"potentialAction\":[{\"@type\":\"SearchAction\",\"target\":{\"@type\":\"EntryPoint\",\"urlTemplate\":\"https:\\\/\\\/teneahome.es\\\/?s={search_term_string}\"},\"query-input\":{\"@type\":\"PropertyValueSpecification\",\"valueRequired\":true,\"valueName\":\"search_term_string\"}}],\"inLanguage\":\"en-GB\"},{\"@type\":\"Organization\",\"@id\":\"https:\\\/\\\/teneahome.es\\\/#organization\",\"name\":\"Tenea Home\",\"url\":\"https:\\\/\\\/teneahome.es\\\/\",\"logo\":{\"@type\":\"ImageObject\",\"inLanguage\":\"en-GB\",\"@id\":\"https:\\\/\\\/teneahome.es\\\/#\\\/schema\\\/logo\\\/image\\\/\",\"url\":\"https:\\\/\\\/teneahome.es\\\/wp-content\\\/uploads\\\/2026\\\/03\\\/logo-teneahome-cropped.svg\",\"contentUrl\":\"https:\\\/\\\/teneahome.es\\\/wp-content\\\/uploads\\\/2026\\\/03\\\/logo-teneahome-cropped.svg\",\"width\":364,\"height\":292,\"caption\":\"Tenea Home\"},\"image\":{\"@id\":\"https:\\\/\\\/teneahome.es\\\/#\\\/schema\\\/logo\\\/image\\\/\"}}]}<\/script>\n<!-- \/ Yoast SEO plugin. -->","yoast_head_json":{"title":"Condiciones de uso web - Tenea Home","description":"Consulta las condiciones generales de uso de Teneahome. Informaci\u00f3n sobre reservas, cancelaciones, normas de estancia y responsabilidades.","robots":{"index":"noindex","follow":"follow","max-snippet":"max-snippet:-1","max-image-preview":"max-image-preview:large","max-video-preview":"max-video-preview:-1"},"og_locale":"en_GB","og_type":"article","og_title":"Condiciones de uso web - Tenea Home","og_description":"Consulta las condiciones generales de uso de Teneahome. Informaci\u00f3n sobre reservas, cancelaciones, normas de estancia y responsabilidades.","og_url":"https:\/\/teneahome.es\/en\/condiciones-de-uso-web\/","og_site_name":"Tenea Home","article_modified_time":"2026-03-17T08:57:44+00:00","twitter_card":"summary_large_image","twitter_misc":{"Estimated reading time":"6 minutes"},"schema":{"@context":"https:\/\/schema.org","@graph":[{"@type":"WebPage","@id":"https:\/\/teneahome.es\/condiciones-de-uso-web\/","url":"https:\/\/teneahome.es\/condiciones-de-uso-web\/","name":"Condiciones de uso web - Tenea Home","isPartOf":{"@id":"https:\/\/teneahome.es\/#website"},"datePublished":"2026-03-05T13:05:19+00:00","dateModified":"2026-03-17T08:57:44+00:00","description":"Consulta las condiciones generales de uso de Teneahome. Informaci\u00f3n sobre reservas, cancelaciones, normas de estancia y responsabilidades.","breadcrumb":{"@id":"https:\/\/teneahome.es\/condiciones-de-uso-web\/#breadcrumb"},"inLanguage":"en-GB","potentialAction":[{"@type":"ReadAction","target":["https:\/\/teneahome.es\/condiciones-de-uso-web\/"]}]},{"@type":"BreadcrumbList","@id":"https:\/\/teneahome.es\/condiciones-de-uso-web\/#breadcrumb","itemListElement":[{"@type":"ListItem","position":1,"name":"Portada","item":"https:\/\/teneahome.es\/"},{"@type":"ListItem","position":2,"name":"Condiciones de uso web"}]},{"@type":"WebSite","@id":"https:\/\/teneahome.es\/#website","url":"https:\/\/teneahome.es\/","name":"Tenea Home","description":"Alquiler Tur\u00edstico","publisher":{"@id":"https:\/\/teneahome.es\/#organization"},"potentialAction":[{"@type":"SearchAction","target":{"@type":"EntryPoint","urlTemplate":"https:\/\/teneahome.es\/?s={search_term_string}"},"query-input":{"@type":"PropertyValueSpecification","valueRequired":true,"valueName":"search_term_string"}}],"inLanguage":"en-GB"},{"@type":"Organization","@id":"https:\/\/teneahome.es\/#organization","name":"Tenea Home","url":"https:\/\/teneahome.es\/","logo":{"@type":"ImageObject","inLanguage":"en-GB","@id":"https:\/\/teneahome.es\/#\/schema\/logo\/image\/","url":"https:\/\/teneahome.es\/wp-content\/uploads\/2026\/03\/logo-teneahome-cropped.svg","contentUrl":"https:\/\/teneahome.es\/wp-content\/uploads\/2026\/03\/logo-teneahome-cropped.svg","width":364,"height":292,"caption":"Tenea Home"},"image":{"@id":"https:\/\/teneahome.es\/#\/schema\/logo\/image\/"}}]}},"_links":{"self":[{"href":"https:\/\/teneahome.es\/en\/wp-json\/wp\/v2\/pages\/604","targetHints":{"allow":["GET"]}}],"collection":[{"href":"https:\/\/teneahome.es\/en\/wp-json\/wp\/v2\/pages"}],"about":[{"href":"https:\/\/teneahome.es\/en\/wp-json\/wp\/v2\/types\/page"}],"author":[{"embeddable":true,"href":"https:\/\/teneahome.es\/en\/wp-json\/wp\/v2\/users\/1"}],"replies":[{"embeddable":true,"href":"https:\/\/teneahome.es\/en\/wp-json\/wp\/v2\/comments?post=604"}],"version-history":[{"count":10,"href":"https:\/\/teneahome.es\/en\/wp-json\/wp\/v2\/pages\/604\/revisions"}],"predecessor-version":[{"id":1407,"href":"https:\/\/teneahome.es\/en\/wp-json\/wp\/v2\/pages\/604\/revisions\/1407"}],"wp:attachment":[{"href":"https:\/\/teneahome.es\/en\/wp-json\/wp\/v2\/media?parent=604"}],"curies":[{"name":"wp","href":"https:\/\/api.w.org\/{rel}","templated":true}]}}