{"id":528,"date":"2026-03-05T07:32:59","date_gmt":"2026-03-05T07:32:59","guid":{"rendered":"https:\/\/teneahome.es\/?page_id=528"},"modified":"2026-03-17T08:57:54","modified_gmt":"2026-03-17T08:57:54","slug":"aviso-legal","status":"publish","type":"page","link":"https:\/\/teneahome.es\/en\/aviso-legal\/","title":{"rendered":"Legal Notice"},"content":{"rendered":"<div data-elementor-type=\"wp-page\" data-elementor-id=\"528\" class=\"elementor elementor-528\" data-elementor-post-type=\"page\">\n\t\t\t\t<div class=\"elementor-element elementor-element-36f9b991 e-flex e-con-boxed e-con e-parent\" data-id=\"36f9b991\" data-element_type=\"container\" data-e-type=\"container\" data-settings=\"{&quot;background_background&quot;:&quot;classic&quot;}\">\n\t\t\t\t\t<div class=\"e-con-inner\">\n\t\t\t\t<div class=\"elementor-element elementor-element-2d65de36 elementor-widget__width-initial elementor-widget elementor-widget-elementskit-heading\" data-id=\"2d65de36\" data-element_type=\"widget\" data-e-type=\"widget\" data-widget_type=\"elementskit-heading.default\">\n\t\t\t\t\t<div class=\"ekit-wid-con\" ><div class=\"ekit-heading elementskit-section-title-wraper text_center   ekit_heading_tablet-   ekit_heading_mobile-\"><h1 class=\"ekit-heading--title elementskit-section-title\">Legal Notice<\/h1><\/div><\/div>\t\t\t\t<\/div>\n\t\t\t\t\t<\/div>\n\t\t\t\t<\/div>\n\t\t<div class=\"elementor-element elementor-element-345d9552 e-flex e-con-boxed e-con e-parent\" data-id=\"345d9552\" data-element_type=\"container\" data-e-type=\"container\">\n\t\t\t\t\t<div class=\"e-con-inner\">\n\t\t\t\t<div class=\"elementor-element elementor-element-7dff2b0d elementor-widget elementor-widget-text-editor\" data-id=\"7dff2b0d\" data-element_type=\"widget\" data-e-type=\"widget\" data-widget_type=\"text-editor.default\">\n\t\t\t\t\t\t\t\t\t\n<p id=\"p-rc_58ad6b3eecd7cd2a-19\">Con el fin de facilitar la relaci\u00f3n entre el propietario del website (<strong>Teneahome<\/strong>) y los usuarios, se garantiza mediante el presente Aviso Legal la privacidad en la prestaci\u00f3n de los servicios electr\u00f3nicos de acuerdo con las exigencias legales y se informa acerca de la Pol\u00edtica de Protecci\u00f3n de Datos de Car\u00e1cter Personal, para que los usuarios determinen de forma libre y voluntaria si desean facilitar sus datos personales a trav\u00e9s de los medios puestos a su disposici\u00f3n en esta Web site.<\/p>\n\n<h3 class=\"wp-block-heading\">Datos identificativos<\/h3>\n\n<p>En cumplimiento del deber de informaci\u00f3n recogido en el art\u00edculo 10 de la Ley 34\/2002 de servicios de la sociedad de la informaci\u00f3n y de comercio electr\u00f3nico (LSSICE), se facilitan los datos de titularidad del presente \u00absitio Web\u00bb. <strong><a href=\"https:\/\/www.google.com\/search?q=https:\/\/teneahome.es\" target=\"_blank\" rel=\"noreferrer noopener\">https:\/\/teneahome.es<\/a><\/strong>: <strong>Teneahome<\/strong>, en adelante \u00ab<strong>Teneahome<\/strong>\u00bb, con domicilio en Carretera de Villena, Km. 1, 30510-Yecla (Murcia). Sus datos registrales est\u00e1n inscritos en Registro Mercantil de Murcia, Tomo 341, folio 96, hoja- MU 6.585, inscripci\u00f3n 5\u00aa.<\/p>\n\n<p id=\"p-rc_58ad6b3eecd7cd2a-20\">El presente Aviso Legal regula el uso del \u00absitio Web\u00bb <strong><a href=\"https:\/\/www.google.com\/search?q=https:\/\/teneahome.es\" target=\"_blank\" rel=\"noreferrer noopener\">https:\/\/teneahome.es<\/a><\/strong> (en adelante, el \u00absitio Web\u00bb), sea con su denominaci\u00f3n actual u otra que se le pueda atribuir en el futuro.<\/p>\n\n<h3 class=\"wp-block-heading\">Usuarios<\/h3>\n\n<p id=\"p-rc_58ad6b3eecd7cd2a-21\">Toda persona, f\u00edsica o jur\u00eddica, que acceda, navegue o haga uso del presente \u00absitio Web\u00bb, ser\u00e1 considerada \u00abusuario\u00bb, cuando act\u00faen con un prop\u00f3sito ajeno a su actividad comercial, empresarial, oficio o profesi\u00f3n. Del mero acceso se desprende que el usuario ha le\u00eddo el presente Aviso Legal y que acepta el contenido de la Web, desde el primer momento de la navegaci\u00f3n.<\/p>\n\n<h3 class=\"wp-block-heading\">Consentimiento hasta su retirada<\/h3>\n\n<p id=\"p-rc_58ad6b3eecd7cd2a-22\">La normativa aplicable exige que parte de la informaci\u00f3n o comunicaciones que nos enviemos sean por escrito. Mediante el uso de esta Web, usted acepta que la mayor parte de dichas comunicaciones con nosotros sean electr\u00f3nicas.<\/p>\n\n<p id=\"p-rc_58ad6b3eecd7cd2a-23\">Como usuario, usted puede revocar o cambiar su consentimiento cuando considere oportuno. Ello nos obliga a dejar de usar sus datos facilitados por su introducci\u00f3n en cualquier formulario para atender, de conformidad y absoluta aceptaci\u00f3n a sus derechos, su voluntad directamente manifestada.<\/p>\n\t\t\t\t\t\t\t\t<\/div>\n\t\t\t\t\t<\/div>\n\t\t\t\t<\/div>\n\t\t\t\t<\/div>","protected":false},"excerpt":{"rendered":"<p>Aviso Legal Con el fin de facilitar la relaci\u00f3n entre el propietario del website (Teneahome) y los usuarios, se garantiza mediante el presente Aviso Legal la privacidad en la prestaci\u00f3n de los servicios electr\u00f3nicos de acuerdo con las exigencias legales y se informa acerca de la Pol\u00edtica de Protecci\u00f3n de Datos de Car\u00e1cter Personal, para [&hellip;]<\/p>\n","protected":false},"author":1,"featured_media":0,"parent":0,"menu_order":0,"comment_status":"closed","ping_status":"closed","template":"","meta":{"_acf_changed":false,"footnotes":""},"class_list":["post-528","page","type-page","status-publish","hentry"],"acf":[],"yoast_head":"<!-- This site is optimized with the Yoast SEO plugin v27.4 - https:\/\/yoast.com\/product\/yoast-seo-wordpress\/ -->\n<title>Aviso Legal - Tenea Home<\/title>\n<meta name=\"description\" content=\"Consulta los t\u00e9rminos legales, condiciones de uso y datos identificativos de Teneahome. Transparencia y seguridad en tu reserva vacacional.\" \/>\n<meta name=\"robots\" content=\"noindex, follow, max-snippet:-1, max-image-preview:large, max-video-preview:-1\" \/>\n<meta property=\"og:locale\" content=\"en_GB\" \/>\n<meta property=\"og:type\" content=\"article\" \/>\n<meta property=\"og:title\" content=\"Aviso Legal - Tenea Home\" \/>\n<meta property=\"og:description\" content=\"Consulta los t\u00e9rminos legales, condiciones de uso y datos identificativos de Teneahome. Transparencia y seguridad en tu reserva vacacional.\" \/>\n<meta property=\"og:url\" content=\"https:\/\/teneahome.es\/en\/aviso-legal\/\" \/>\n<meta property=\"og:site_name\" content=\"Tenea Home\" \/>\n<meta property=\"article:modified_time\" content=\"2026-03-17T08:57:54+00:00\" \/>\n<meta name=\"twitter:card\" content=\"summary_large_image\" \/>\n<meta name=\"twitter:label1\" content=\"Estimated reading time\" \/>\n\t<meta name=\"twitter:data1\" content=\"2 minutes\" \/>\n<script type=\"application\/ld+json\" class=\"yoast-schema-graph\">{\"@context\":\"https:\\\/\\\/schema.org\",\"@graph\":[{\"@type\":\"WebPage\",\"@id\":\"https:\\\/\\\/teneahome.es\\\/aviso-legal\\\/\",\"url\":\"https:\\\/\\\/teneahome.es\\\/aviso-legal\\\/\",\"name\":\"Aviso Legal - Tenea Home\",\"isPartOf\":{\"@id\":\"https:\\\/\\\/teneahome.es\\\/#website\"},\"datePublished\":\"2026-03-05T07:32:59+00:00\",\"dateModified\":\"2026-03-17T08:57:54+00:00\",\"description\":\"Consulta los t\u00e9rminos legales, condiciones de uso y datos identificativos de Teneahome. Transparencia y seguridad en tu reserva vacacional.\",\"breadcrumb\":{\"@id\":\"https:\\\/\\\/teneahome.es\\\/aviso-legal\\\/#breadcrumb\"},\"inLanguage\":\"en-GB\",\"potentialAction\":[{\"@type\":\"ReadAction\",\"target\":[\"https:\\\/\\\/teneahome.es\\\/aviso-legal\\\/\"]}]},{\"@type\":\"BreadcrumbList\",\"@id\":\"https:\\\/\\\/teneahome.es\\\/aviso-legal\\\/#breadcrumb\",\"itemListElement\":[{\"@type\":\"ListItem\",\"position\":1,\"name\":\"Portada\",\"item\":\"https:\\\/\\\/teneahome.es\\\/\"},{\"@type\":\"ListItem\",\"position\":2,\"name\":\"Aviso Legal\"}]},{\"@type\":\"WebSite\",\"@id\":\"https:\\\/\\\/teneahome.es\\\/#website\",\"url\":\"https:\\\/\\\/teneahome.es\\\/\",\"name\":\"Tenea Home\",\"description\":\"Alquiler Tur\u00edstico\",\"publisher\":{\"@id\":\"https:\\\/\\\/teneahome.es\\\/#organization\"},\"potentialAction\":[{\"@type\":\"SearchAction\",\"target\":{\"@type\":\"EntryPoint\",\"urlTemplate\":\"https:\\\/\\\/teneahome.es\\\/?s={search_term_string}\"},\"query-input\":{\"@type\":\"PropertyValueSpecification\",\"valueRequired\":true,\"valueName\":\"search_term_string\"}}],\"inLanguage\":\"en-GB\"},{\"@type\":\"Organization\",\"@id\":\"https:\\\/\\\/teneahome.es\\\/#organization\",\"name\":\"Tenea Home\",\"url\":\"https:\\\/\\\/teneahome.es\\\/\",\"logo\":{\"@type\":\"ImageObject\",\"inLanguage\":\"en-GB\",\"@id\":\"https:\\\/\\\/teneahome.es\\\/#\\\/schema\\\/logo\\\/image\\\/\",\"url\":\"https:\\\/\\\/teneahome.es\\\/wp-content\\\/uploads\\\/2026\\\/03\\\/logo-teneahome-cropped.svg\",\"contentUrl\":\"https:\\\/\\\/teneahome.es\\\/wp-content\\\/uploads\\\/2026\\\/03\\\/logo-teneahome-cropped.svg\",\"width\":364,\"height\":292,\"caption\":\"Tenea Home\"},\"image\":{\"@id\":\"https:\\\/\\\/teneahome.es\\\/#\\\/schema\\\/logo\\\/image\\\/\"}}]}<\/script>\n<!-- \/ Yoast SEO plugin. -->","yoast_head_json":{"title":"Aviso Legal - Tenea Home","description":"Consulta los t\u00e9rminos legales, condiciones de uso y datos identificativos de Teneahome. Transparencia y seguridad en tu reserva vacacional.","robots":{"index":"noindex","follow":"follow","max-snippet":"max-snippet:-1","max-image-preview":"max-image-preview:large","max-video-preview":"max-video-preview:-1"},"og_locale":"en_GB","og_type":"article","og_title":"Aviso Legal - Tenea Home","og_description":"Consulta los t\u00e9rminos legales, condiciones de uso y datos identificativos de Teneahome. Transparencia y seguridad en tu reserva vacacional.","og_url":"https:\/\/teneahome.es\/en\/aviso-legal\/","og_site_name":"Tenea Home","article_modified_time":"2026-03-17T08:57:54+00:00","twitter_card":"summary_large_image","twitter_misc":{"Estimated reading time":"2 minutes"},"schema":{"@context":"https:\/\/schema.org","@graph":[{"@type":"WebPage","@id":"https:\/\/teneahome.es\/aviso-legal\/","url":"https:\/\/teneahome.es\/aviso-legal\/","name":"Aviso Legal - Tenea Home","isPartOf":{"@id":"https:\/\/teneahome.es\/#website"},"datePublished":"2026-03-05T07:32:59+00:00","dateModified":"2026-03-17T08:57:54+00:00","description":"Consulta los t\u00e9rminos legales, condiciones de uso y datos identificativos de Teneahome. Transparencia y seguridad en tu reserva vacacional.","breadcrumb":{"@id":"https:\/\/teneahome.es\/aviso-legal\/#breadcrumb"},"inLanguage":"en-GB","potentialAction":[{"@type":"ReadAction","target":["https:\/\/teneahome.es\/aviso-legal\/"]}]},{"@type":"BreadcrumbList","@id":"https:\/\/teneahome.es\/aviso-legal\/#breadcrumb","itemListElement":[{"@type":"ListItem","position":1,"name":"Portada","item":"https:\/\/teneahome.es\/"},{"@type":"ListItem","position":2,"name":"Aviso Legal"}]},{"@type":"WebSite","@id":"https:\/\/teneahome.es\/#website","url":"https:\/\/teneahome.es\/","name":"Tenea Home","description":"Alquiler Tur\u00edstico","publisher":{"@id":"https:\/\/teneahome.es\/#organization"},"potentialAction":[{"@type":"SearchAction","target":{"@type":"EntryPoint","urlTemplate":"https:\/\/teneahome.es\/?s={search_term_string}"},"query-input":{"@type":"PropertyValueSpecification","valueRequired":true,"valueName":"search_term_string"}}],"inLanguage":"en-GB"},{"@type":"Organization","@id":"https:\/\/teneahome.es\/#organization","name":"Tenea Home","url":"https:\/\/teneahome.es\/","logo":{"@type":"ImageObject","inLanguage":"en-GB","@id":"https:\/\/teneahome.es\/#\/schema\/logo\/image\/","url":"https:\/\/teneahome.es\/wp-content\/uploads\/2026\/03\/logo-teneahome-cropped.svg","contentUrl":"https:\/\/teneahome.es\/wp-content\/uploads\/2026\/03\/logo-teneahome-cropped.svg","width":364,"height":292,"caption":"Tenea Home"},"image":{"@id":"https:\/\/teneahome.es\/#\/schema\/logo\/image\/"}}]}},"_links":{"self":[{"href":"https:\/\/teneahome.es\/en\/wp-json\/wp\/v2\/pages\/528","targetHints":{"allow":["GET"]}}],"collection":[{"href":"https:\/\/teneahome.es\/en\/wp-json\/wp\/v2\/pages"}],"about":[{"href":"https:\/\/teneahome.es\/en\/wp-json\/wp\/v2\/types\/page"}],"author":[{"embeddable":true,"href":"https:\/\/teneahome.es\/en\/wp-json\/wp\/v2\/users\/1"}],"replies":[{"embeddable":true,"href":"https:\/\/teneahome.es\/en\/wp-json\/wp\/v2\/comments?post=528"}],"version-history":[{"count":14,"href":"https:\/\/teneahome.es\/en\/wp-json\/wp\/v2\/pages\/528\/revisions"}],"predecessor-version":[{"id":1410,"href":"https:\/\/teneahome.es\/en\/wp-json\/wp\/v2\/pages\/528\/revisions\/1410"}],"wp:attachment":[{"href":"https:\/\/teneahome.es\/en\/wp-json\/wp\/v2\/media?parent=528"}],"curies":[{"name":"wp","href":"https:\/\/api.w.org\/{rel}","templated":true}]}}